{"id":805,"date":"2015-01-25T16:49:25","date_gmt":"2015-01-25T16:49:25","guid":{"rendered":"http:\/\/veehool.ee\/koduleht\/?page_id=805"},"modified":"2026-03-19T19:44:36","modified_gmt":"2026-03-19T17:44:36","slug":"tehtud-tood","status":"publish","type":"page","link":"http:\/\/preisor.veehool.ee\/?page_id=805","title":{"rendered":"Tehtud t\u00f6\u00f6d"},"content":{"rendered":"<table class=\" alignright\" style=\"text-align: center;\" border=\"0\">\n<tbody style=\"text-align: left;\">\n<tr>\n<td style=\"margin-left: 90px; text-align: left;\" colspan=\"2\" valign=\"top\"><span style=\"color: #003300;\"><strong style=\"color: #000000; font-family: Verdana, Arial, Helvetica, sans-serif; font-size: 16px; line-height: normal; text-align: left;\"><strong><span style=\"font-size: 12pt;\">2025 a. Tehtud t\u00f6\u00f6de <a href=\"http:\/\/preisor.veehool.ee\/?page_id=1920\">galerii<\/a><\/span><\/strong><\/strong><\/span><\/td>\n<\/tr>\n<tr>\n<td style=\"margin-left: 90px; text-align: left;\" colspan=\"2\" valign=\"top\"><span style=\"color: #003300;\"><strong style=\"color: #000000; font-family: Verdana, Arial, Helvetica, sans-serif; font-size: 16px; line-height: normal; text-align: left;\"><strong><span style=\"font-size: 12pt;\">2022\/2023 a. Tehtud t\u00f6\u00f6de <a href=\"http:\/\/preisor.veehool.ee\/?page_id=1869\">galerii<\/a><\/span><\/strong><\/strong><\/span><\/td>\n<\/tr>\n<tr>\n<td style=\"margin-left: 90px; text-align: left;\" colspan=\"2\" valign=\"top\"><span style=\"color: #003300;\"><strong style=\"color: #000000; font-family: Verdana, Arial, Helvetica, sans-serif; font-size: 16px; line-height: normal; text-align: left;\"><strong><span style=\"font-size: 12pt;\">2020 a. Tehtud t\u00f6\u00f6de <a href=\"http:\/\/preisor.veehool.ee\/?page_id=1830\">galerii<\/a><\/span><\/strong><\/strong><\/span><\/td>\n<\/tr>\n<tr>\n<td style=\"margin-left: 90px; text-align: left;\" colspan=\"2\" valign=\"top\"><span style=\"color: #003300;\"><strong style=\"color: #000000; font-family: Verdana, Arial, Helvetica, sans-serif; font-size: 16px; line-height: normal; text-align: left;\"><strong><span style=\"font-size: 12pt;\">2019 a. Tehtud t\u00f6\u00f6de <a href=\"http:\/\/preisor.veehool.ee\/?page_id=1827\">galerii<\/a><\/span><\/strong><\/strong><\/span><\/td>\n<\/tr>\n<tr>\n<td style=\"margin-left: 90px; text-align: left;\" colspan=\"2\" valign=\"top\"><span style=\"color: #003300;\"><strong style=\"color: #000000; font-family: Verdana, Arial, Helvetica, sans-serif; font-size: 16px; line-height: normal; text-align: left;\"><strong><span style=\"font-size: 12pt;\">2017\/18 a. Tehtud t\u00f6\u00f6de <a href=\"http:\/\/preisor.veehool.ee\/?page_id=1786\">galerii<\/a><\/span><\/strong><\/strong><\/span><\/td>\n<\/tr>\n<tr>\n<td style=\"margin-left: 90px; text-align: left;\" colspan=\"2\" valign=\"top\"><span style=\"color: #003300;\"><strong style=\"color: #000000; font-family: Verdana, Arial, Helvetica, sans-serif; font-size: 16px; line-height: normal; text-align: left;\"><strong><span style=\"font-size: 12pt;\">2017 a. Tehtud t\u00f6\u00f6d<\/span><\/strong><\/strong><\/span><\/td>\n<\/tr>\n<tr>\n<td style=\"margin-left: 90px;\" valign=\"top\"><\/td>\n<td style=\"margin-left: 90px; text-align: left;\" valign=\"top\">&#8211; Keila park (<a href=\"http:\/\/preisor.veehool.ee\/?p=1684\">vaata<\/a>)<br \/>\n&#8211; Niitmist\u00f6\u00f6d (<a href=\"http:\/\/preisor.veehool.ee\/?p=1696\">vaata<\/a>)<br \/>\n&#8211; Rakvere tiikide puhastamine (<a href=\"http:\/\/preisor.veehool.ee\/?p=1703\">vaata<\/a>)<br \/>\n&#8211; Roela paisj\u00e4rve puhastamine (<a href=\"http:\/\/preisor.veehool.ee\/?p=1744\">vaata<\/a>)<br \/>\n&#8211; Tiigi puhastamine Raplas (<a href=\"http:\/\/preisor.veehool.ee\/?p=1760\">vaata<\/a>)<\/td>\n<\/tr>\n<tr>\n<td style=\"margin-left: 90px; text-align: left;\" colspan=\"2\" valign=\"top\"><span style=\"color: #003300;\"><strong style=\"color: #000000; font-family: Verdana, Arial, Helvetica, sans-serif; font-size: 16px; line-height: normal; text-align: left;\"><strong><span style=\"font-size: 12pt;\">2016 a. Tehtud t\u00f6\u00f6d<\/span><\/strong><\/strong><\/span><\/td>\n<\/tr>\n<tr>\n<td style=\"margin-left: 90px;\" valign=\"top\"><\/td>\n<td style=\"margin-left: 90px; text-align: left;\" valign=\"top\">&#8211; Tiikidest \u00a0ja paisj\u00e4rvedest veetaimede niitmine ja setete eemaldamine (<a href=\"http:\/\/preisor.veehool.ee\/?p=1548\">vaata<\/a>)<br \/>\n&#8211; Keila pargi vees\u00fcsteemi korrastamine, istutust\u00f6\u00f6d, Silla ehitus (AS Vensen) (<a href=\"http:\/\/preisor.veehool.ee\/?p=1559\">vaata<\/a>)<br \/>\n&#8211; Ujumiskohtade puhastamine (<a href=\"http:\/\/preisor.veehool.ee\/?p=1575\">vaata<\/a>)<br \/>\n&#8211; Voolutakistuste eemaldamine j\u00f5gedest (<a href=\"http:\/\/preisor.veehool.ee\/?p=1579\">vaata<\/a>)<br \/>\n&#8211; Settetiikide puhastamine (<a href=\"http:\/\/preisor.veehool.ee\/?p=1599\">vaata<\/a>)<br \/>\n&#8211; Haljastus- ja niitmist\u00f6\u00f6d (<a href=\"http:\/\/preisor.veehool.ee\/?p=1607\">vaata<\/a>)<\/td>\n<\/tr>\n<tr>\n<td style=\"margin-left: 90px; text-align: left;\" colspan=\"2\" valign=\"top\"><span style=\"color: #003300;\"><strong style=\"color: #000000; font-family: Verdana, Arial, Helvetica, sans-serif; font-size: 16px; line-height: normal; text-align: left;\"><strong><span style=\"font-size: 12pt;\">2015 a. Tehtud t\u00f6\u00f6d<\/span><\/strong><\/strong><\/span><\/td>\n<\/tr>\n<tr>\n<td style=\"margin-left: 90px;\" valign=\"top\"><\/td>\n<td style=\"margin-left: 90px; text-align: left;\" valign=\"top\"><span style=\"color: #003300;\">&#8211; <\/span><span style=\"color: #003300;\">Kahepaiksete tiikide kaevamine ja talvitusala puhastamine, talvituskohtade loomine (<a href=\"http:\/\/preisor.veehool.ee\/?p=1449\">vaata<\/a>)<br \/>\n&#8211; Pargi-roheala rajamine, puude-p\u00f5\u00f5saste istutamine, piirete rajamine (<a href=\"http:\/\/preisor.veehool.ee\/?p=1464\">vaata<\/a>)<br \/>\n&#8211; \u00d5hne j\u00f5e l\u00f5igu puhastamine voolutakistustest (<a href=\"http:\/\/preisor.veehool.ee\/?p=1500\">vaata<\/a>)<br \/>\n&#8211; Ujumiskohtade puhastamine liigsest veetaimestikust ja risustusest (<a href=\"http:\/\/preisor.veehool.ee\/?p=1491\">vaata<\/a>)<br \/>\n&#8211; Tiikide puhastamine setetest (<a href=\"http:\/\/preisor.veehool.ee\/?p=1485\">vaata<\/a>)<br \/>\n&#8211; Biotiikide puhastamine taimedest ja setetest<br \/>\n&#8211; Rannaalade\u00a0 ja\u00a0 v\u00e4ikesadamate puhastamine pilliroost (<a href=\"http:\/\/preisor.veehool.ee\/?p=1480\">vaata<\/a>)<br \/>\n&#8211; Parkide korrastamine, v\u00f5sa eemaldamine (<a href=\"http:\/\/preisor.veehool.ee\/?p=1475\">vaata<\/a>)<br \/>\n&#8211; Luke m\u00f5isapargi tiikide puhastamine veetaimedest<br \/>\n&#8211; Paide tehisj\u00e4rve puhastamine veetaimedest<br \/>\n&#8211; Lumet\u00f5rjet\u00f6\u00f6d (<a href=\"http:\/\/preisor.veehool.ee\/?p=1524\">vaata<\/a>)<br \/>\n<\/span><\/td>\n<\/tr>\n<tr>\n<td style=\"margin-left: 90px; text-align: left;\" colspan=\"2\" valign=\"top\"><span style=\"color: #003300;\"><strong style=\"color: #000000; font-family: Verdana, Arial, Helvetica, sans-serif; font-size: 16px; line-height: normal; text-align: left;\"><strong><span style=\"font-size: 12pt;\">2014 a. Tehtud t\u00f6\u00f6d<\/span><\/strong><\/strong><\/span><\/td>\n<\/tr>\n<tr>\n<td style=\"margin-left: 90px;\" valign=\"top\"><span style=\"font-size: 12pt; color: #003300;\"><strong><span style=\"font-size: 12pt;\">\u00a0<\/span><\/strong><\/span><\/td>\n<td style=\"margin-left: 90px; text-align: left;\" valign=\"top\"><span style=\"color: #003300;\">&#8211; Loodusravi keskuse tiikide puhastamine setetest (<a href=\"http:\/\/preisor.veehool.ee\/?p=522\">vaata<\/a>)<\/span><br \/>\n<span style=\"color: #003300;\">&#8211; Eesti Energia Kaevanduste Narva karj\u00e4\u00e4ri veek\u00f5rvalduskanali puhastamine voolutakistustest, setetest, liigsest veetaimestikust (<a href=\"http:\/\/preisor.veehool.ee\/?p=541\">vaata<\/a>)<\/span><br \/>\n<span style=\"color: #003300;\">&#8211; Haapsalu Tagalahe edelaosa taimestiku areaali piiramine, taimemassi eemaldamine (<a href=\"http:\/\/preisor.veehool.ee\/?p=530\">vaata<\/a>)<\/span><br \/>\n<span style=\"color: #003300;\">&#8211; V\u00e4ike-Maarja P\u00e4\u00e4stekooli tiigi puhastamine veetaimedest<\/span><br \/>\n<span style=\"color: #003300;\">&#8211; K\u00f5ltsu m\u00f5isa tiikide ja kraavide puhastamine veetaimedest (<a href=\"http:\/\/preisor.veehool.ee\/?p=546\">vaata<\/a>)<\/span><br \/>\n<span style=\"color: #003300;\">&#8211; Koreli oja puhastamine liigsest veetaimestikust V\u00f5ru linnas<\/span><br \/>\n<span style=\"color: #003300;\">&#8211; Haljala aleviku tiikide puhastamine veetaimestikust ja vetikamassist<\/span><br \/>\n<span style=\"color: #003300;\">&#8211; Anne kanali ujumisala puhastamine liigsest veetaimestikust<\/span><br \/>\n<span style=\"color: #003300;\">&#8211; Ujumiskohtade puhastamine<\/span><br \/>\n<span style=\"color: #003300;\">&#8211; Biotiikide puhastamine<\/span><br \/>\n<span style=\"color: #003300;\">&#8211; Veet\u00f5rjet\u00f6\u00f6d<\/span><\/td>\n<\/tr>\n<tr>\n<td style=\"margin-left: 90px; text-align: left;\" colspan=\"2\" rowspan=\"1\" valign=\"top\"><span style=\"font-size: 12pt; color: #003300;\"><strong><span style=\"font-size: 12pt;\">2013 a. Tehtud t\u00f6\u00f6d<\/span><\/strong><\/span><\/td>\n<\/tr>\n<tr>\n<td style=\"margin-left: 90px;\" valign=\"top\"><span style=\"font-size: 12pt; color: #003300;\"><strong><span style=\"font-size: 12pt;\">\u00a0<\/span><\/strong><\/span><\/td>\n<td style=\"margin-left: 90px; text-align: left;\" valign=\"top\"><span style=\"color: #003300;\">&#8211; Rakvere linna tiikide puhastamine\u00a0 veetaimedest<\/span><br \/>\n<span style=\"color: #003300;\">&#8211; Padise m\u00f5isa tiigi puhastamine veetaimedest<\/span><br \/>\n<span style=\"color: #003300;\">&#8211; Anne kanali ujumiskoha puhastamine veetaimedest <\/span><br \/>\n<span style=\"color: #003300;\">&#8211; Haljala aleviku tiikide puhastamine veetaimedest<\/span><br \/>\n<span style=\"color: #003300;\">&#8211; V\u00f5ru Koreli oja ja Kubija j\u00e4rve ujumiskoha puhastamine veetaimedest<\/span><br \/>\n<span style=\"color: #003300;\">&#8211; Kunda linnas Kunda j\u00f5e l\u00f5igu puhastamine vettelangenud puudest ja muust veevoolu takistavast<\/span><br \/>\n<span style=\"color: #003300;\">&#8211; Kahepaiksete tiikide kaevamine<\/span><br \/>\n<span style=\"color: #003300;\">&#8211; P\u00f5llk\u00fcla m\u00f5isapargi tiigi puhastamine\u00a0 setetest \u00a0<\/span><br \/>\n<span style=\"color: #003300;\">&#8211; Vetiku j\u00e4rvede tervendamine (vettelangenud puude eemaldamine, veetaimede niitmine etten\u00e4htud kohtadest, projekti algus 2012)<\/span><br \/>\n<span style=\"color: #003300;\">&#8211; Veet\u00f5rje- ja\u00a0 v\u00f5saraiet\u00f6\u00f6d<\/span><\/td>\n<\/tr>\n<tr>\n<td style=\"margin-left: 90px; text-align: left;\" colspan=\"2\" valign=\"top\"><span style=\"font-size: 12pt; color: #003300;\"><strong><span style=\"font-size: 12pt;\">2012 a. Tehtud t\u00f6\u00f6d<\/span><\/strong><\/span><\/td>\n<\/tr>\n<tr>\n<td valign=\"top\"><span style=\"font-size: 12pt; color: #003300;\"><strong>\u00a0<\/strong><\/span><\/td>\n<td style=\"margin-left: 150px; text-align: left;\" valign=\"top\"><span style=\"color: #003300;\">&#8211; Rakvere Rahvapargi tiikide puhastamine (<a href=\"http:\/\/preisor.veehool.ee\/?p=508\">vaata<\/a>)<\/span><br \/>\n<span style=\"color: #003300;\">&#8211; AS Tallinna Vesi settetiikide puhastamine (<a href=\"http:\/\/preisor.veehool.ee\/?p=481\">vaata<\/a>)<\/span><br \/>\n<span style=\"color: #003300;\">&#8211; Kuusalu\u00a0 kiriku tiigi puhastamine setetest<\/span><br \/>\n<span style=\"color: #003300;\">&#8211; Keila j\u00f5e vasaku haru puhastamine ja veevoolu taastamine, pargi\u00a0 korrastus- ja uuendust\u00f6\u00f6d (alustatud 2011) (<a href=\"http:\/\/preisor.veehool.ee\/?p=498\">vaata<\/a>)<\/span><br \/>\n<span style=\"color: #003300;\">&#8211; Anne kanali ujumiskoha puhastamine veetaimedest<\/span><br \/>\n<span style=\"color: #003300;\">&#8211; Heimtali\u00a0 viinak\u00f6\u00f6gi tiigi puhastamine\u00a0 setetest ja maakividest kaldakindlustuse rajamine (<a href=\"http:\/\/preisor.veehool.ee\/?p=489\">vaata<\/a>)<\/span><br \/>\n<span style=\"color: #003300;\">&#8211; N\u00f5o Veskij\u00e4rve ja Luke m\u00f5isa tiikide puhastamine veetaimedest (<a href=\"http:\/\/preisor.veehool.ee\/?p=500\">vaata<\/a>)<\/span><br \/>\n<span style=\"color: #003300;\">&#8211; V\u00f5ru Koreli oja ja Kubija j\u00e4rve ujumiskoha puhastamine veetaimedest (<a href=\"http:\/\/preisor.veehool.ee\/?p=518\">vaata<\/a>)<\/span><br \/>\n<span style=\"color: #003300;\">&#8211; Haiba tiigi puhastamine veetaimedest<\/span><br \/>\n<span style=\"color: #003300;\">&#8211; Haljala aleviku tiikide puhastamine liigsest veetaimestikust<\/span><br \/>\n<span style=\"color: #003300;\">&#8211; Vetiku Suur- ja V\u00e4ikej\u00e4rvest veetaimede niitmine, kogumine. (<a href=\"http:\/\/preisor.veehool.ee\/?p=516\">vaata<\/a>)<\/span><br \/>\n<span style=\"color: #003300;\">&#8211; Vettelangenud\u00a0 ja koprakahjustustega puude eemaldamine<\/span><\/td>\n<\/tr>\n<tr>\n<td style=\"text-align: left;\" colspan=\"2\" valign=\"top\"><span style=\"font-size: 12pt; color: #003300;\"><strong>2011 a. Tehtud t\u00f6\u00f6d<\/strong><\/span><\/td>\n<\/tr>\n<tr>\n<td valign=\"top\"><span style=\"color: #003300;\">\u00a0<\/span><\/td>\n<td style=\"text-align: left;\" valign=\"top\"><span style=\"color: #003300;\">&#8211; Paikuse valla Tiigi j\u00e4rve puhastamine setetest (<a href=\"http:\/\/preisor.veehool.ee\/?p=382\">vaata<\/a>)<\/span><br \/>\n<span style=\"color: #003300;\">&#8211; Rakvere linna tiikide puhastamine veetaimedest<\/span><br \/>\n<span style=\"color: #003300;\">&#8211; Ingliste k\u00fclas Keila j\u00f5e l\u00f5igu puhastamine veetaimedest (<a href=\"http:\/\/preisor.veehool.ee\/?p=393\">vaata<\/a>)<\/span><br \/>\n<span style=\"color: #003300;\">&#8211; Anne kanali puhastamine veetaimedest<\/span><br \/>\n<span style=\"color: #003300;\">&#8211; V\u00f5ru linnas Koreli oja ja Kubija j\u00e4rve ujula puhastamine veetaimedest (<a href=\"http:\/\/preisor.veehool.ee\/?p=400\">vaata<\/a>)<\/span><br \/>\n<span style=\"color: #003300;\">&#8211; Kernu valla Haiba tiigi puhastamine risustusest ning veetaimedest (<a href=\"http:\/\/preisor.veehool.ee\/?p=407\">vaata<\/a>)<\/span><br \/>\n<span style=\"color: #003300;\">&#8211; Kamari paisj\u00e4rve puhastamine veetaimedest (<a href=\"http:\/\/preisor.veehool.ee\/?p=415\">vaata<\/a>)<\/span><br \/>\n<span style=\"color: #003300;\">&#8211; Luke m\u00f5isapargi tiikide\u00a0 puhastamine veetaimedest<\/span><br \/>\n<span style=\"color: #003300;\">&#8211; N\u00f5o paisj\u00e4rve puhastamine veetaimedest (<a href=\"http:\/\/preisor.veehool.ee\/?p=418\">vaata<\/a>)<\/span><br \/>\n<span style=\"color: #003300;\">&#8211; Suure-Jaani paisj\u00e4rve puhastamine veetaimedest (<a href=\"http:\/\/preisor.veehool.ee\/?p=425\">vaata<\/a>)<\/span><br \/>\n<span style=\"color: #003300;\">&#8211; Haljala aleviku tiikide puhastamine veetaimedest<\/span><br \/>\n<span style=\"color: #003300;\">&#8211; Endla j\u00e4rve sissevoolu puhastamine voolutakistustest (<a href=\"http:\/\/preisor.veehool.ee\/?p=370\">vaata<\/a>)<\/span><br \/>\n<span style=\"color: #003300;\">&#8211; Vihula m\u00f5isa J\u00e4\u00e4keldri tiigi ja tiigi\u00fcmbruse puhastamine (<a href=\"http:\/\/preisor.veehool.ee\/?p=435\">vaata<\/a>)<\/span><br \/>\n<span style=\"color: #003300;\">&#8211; Raudi kanali puhastamine kopratammidest jt.voolutakistustest (<a href=\"http:\/\/preisor.veehool.ee\/?p=444\">vaata<\/a>)<\/span><br \/>\n<span style=\"color: #003300;\">&#8211; Keila j\u00f5e haru puhastamine setetest, vettelangenud puudest, kallaste puhastamine v\u00f5sast (<a href=\"http:\/\/preisor.veehool.ee\/?p=461\">vaata<\/a>)<\/span><br \/>\n<span style=\"color: #003300;\">&#8211; V\u00e4ikeveekogude taastamine ja rajamine kahepaiksete paljunemisv\u00f5imaluste parandamiseks\u00a0 M\u00f5driku-Roela maastikukaitsealal (<a href=\"http:\/\/preisor.veehool.ee\/?p=464\">vaata<\/a>)<\/span><\/td>\n<\/tr>\n<tr>\n<td style=\"text-align: left;\" colspan=\"2\" valign=\"top\"><span style=\"font-size: 12pt; color: #003300;\"><strong>2010 a. Tehtud t\u00f6\u00f6d<\/strong><\/span><\/td>\n<\/tr>\n<tr>\n<td valign=\"top\"><span style=\"color: #003300;\">\u00a0<\/span><\/td>\n<td style=\"text-align: left;\" valign=\"top\"><span style=\"color: #003300;\">&#8211; Anne kanali puhastamine veetaimedest<\/span><br \/>\n<span style=\"color: #003300;\">&#8211; Keila j\u00f5e l\u00f5igu puhastamine (<a href=\"http:\/\/preisor.veehool.ee\/?p=337\">vaata<\/a>)<\/span><br \/>\n<span style=\"color: #003300;\">&#8211; Rakvere linna tiikide puhastamine veetaimedest (<a href=\"http:\/\/preisor.veehool.ee\/?p=342\">vaata<\/a>)<\/span><br \/>\n<span style=\"color: #003300;\">&#8211; Hooldus-koristust\u00f6\u00f6d Loksa rannaalal<\/span><br \/>\n<span style=\"color: #003300;\">&#8211; Alatskivi paisj\u00e4rve puhastamine (<a href=\"http:\/\/preisor.veehool.ee\/?p=354\">vaata<\/a>)<\/span><br \/>\n<span style=\"color: #003300;\">&#8211; Suure-Jaani paisj\u00e4rve puhastamine (<a href=\"http:\/\/preisor.veehool.ee\/?p=350\">vaata<\/a>)<\/span><br \/>\n<span style=\"color: #003300;\">&#8211; Haljala aleviku tiikide puhastamine<\/span><br \/>\n<span style=\"color: #003300;\">&#8211; Rannikul\u00f5ugaste puhastamine L\u00e4\u00e4nemaal (<a href=\"http:\/\/preisor.veehool.ee\/?p=363\">vaata<\/a>)<\/span><br \/>\n<span style=\"color: #003300;\">&#8211; Niitmist\u00f6\u00f6d P\u00f5lva paisj\u00e4rvel,\u00b7 v\u00e4ikej\u00e4rvedel ning tiikidel<\/span><br \/>\n<span style=\"color: #003300;\">&#8211; Biotiikide puhastamine setetest<\/span><\/td>\n<\/tr>\n<tr style=\"text-align: left;\">\n<td style=\"text-align: left;\" colspan=\"2\"><span style=\"font-size: 12pt; color: #003300;\"><strong>2009 a. Tehtud t\u00f6\u00f6d<\/strong><\/span><\/td>\n<\/tr>\n<tr style=\"text-align: left;\">\n<td style=\"text-align: left;\"><span style=\"color: #003300;\">\u00a0<\/span><\/td>\n<td style=\"text-align: left;\">\n<div><span style=\"color: #003300;\">&#8211; V\u00f5sapurustust\u00f6\u00f6d L\u00e4\u00e4ne-Virumaal (<a href=\"http:\/\/preisor.veehool.ee\/?p=132\">vaata<\/a>)<\/span><br \/>\n<span style=\"color: #003300;\">&#8211; Anne kanali puhastamine veetaimedest (<a href=\"http:\/\/preisor.veehool.ee\/?p=45\">vaata<\/a>)<\/span><br \/>\n<span style=\"color: #003300;\">&#8211; Alatskivi paisj\u00e4rvest veetaimede niitmine ning kalda\u00e4\u00e4rte korrastamine (<a href=\"http:\/\/preisor.veehool.ee\/?p=42\">vaata<\/a>)<\/span><br \/>\n<span style=\"color: #003300;\">&#8211; Haljala aleviku tiikide liigsest veetaimestikust puhastamine (<a href=\"http:\/\/preisor.veehool.ee\/?p=67\">vaata<\/a>)<\/span><br \/>\n<span style=\"color: #003300;\">&#8211; Rakvere linna tiikide liigsest veetaimestikust puhastamine (<a href=\"http:\/\/preisor.veehool.ee\/?p=78\">vaata<\/a>)<\/span><br \/>\n<span style=\"color: #003300;\">&#8211; Kubija j\u00e4rve ujula ning Koreli oja puhastamine liigsest veetaimestikust (<a href=\"http:\/\/preisor.veehool.ee\/?p=123\">vaata<\/a>)<\/span><br \/>\n<span style=\"color: #003300;\">&#8211; Biotiikide puhastamine (<a href=\"http:\/\/preisor.veehool.ee\/?p=52\">vaata<\/a>)<\/span><br \/>\n<span style=\"color: #003300;\">&#8211; Teorehe rannikul\u00f5uka veetaimestikust puhastamine (<a href=\"http:\/\/preisor.veehool.ee\/?p=108\">vaata<\/a>)<\/span><br \/>\n<span style=\"color: #003300;\">&#8211; Taebla j\u00f5e alamjooksul kopratammide ning muude voolutakistuste eemaldamine (<a href=\"http:\/\/preisor.veehool.ee\/?p=95\">vaata<\/a>)<\/span><\/div>\n<div><span style=\"color: #003300;\">&#8211; Pumpamist\u00f6\u00f6d R\u00f5uge \u00d6\u00f6bikuorus (<a href=\"http:\/\/preisor.veehool.ee\/?p=143\">vaata<\/a>)<\/span><\/div>\n<\/td>\n<\/tr>\n<tr style=\"text-align: left;\">\n<td style=\"text-align: left;\" colspan=\"2\"><span style=\"font-size: 12pt; color: #003300;\"><strong>2008 a. Tehtud t\u00f6\u00f6d<\/strong><\/span><\/td>\n<\/tr>\n<tr style=\"text-align: left;\">\n<td style=\"text-align: left;\">\n<p style=\"text-align: center;\"><span style=\"color: #003300;\">\u00a0<\/span><\/p>\n<\/td>\n<td style=\"text-align: left;\">\n<div><span style=\"color: #003300;\">&#8211; Karinu m\u00f5isatiigi puhastamine (<a href=\"http:\/\/preisor.veehool.ee\/?p=156\">vaata<\/a>)<\/span><br \/>\n<span style=\"color: #003300;\">&#8211; Kumna m\u00f5isatiigi puhastamine (<a href=\"http:\/\/preisor.veehool.ee\/?p=173\">vaata<\/a>)<\/span><br \/>\n<span style=\"color: #003300;\">&#8211; Rakvere Kirikupargi tiikide puhastamine (<a href=\"http:\/\/preisor.veehool.ee\/?p=184\">vaata<\/a>)<\/span><br \/>\n<span style=\"color: #003300;\">&#8211; Haljala tiikide puhastamine (<a href=\"http:\/\/preisor.veehool.ee\/?p=195\">vaata<\/a>)<\/span><br \/>\n<span style=\"color: #003300;\">&#8211; Palmse hotelli tiigi puhastamine (<a href=\"http:\/\/preisor.veehool.ee\/?p=200\">vaata<\/a>)<\/span><br \/>\n<span style=\"color: #003300;\">&#8211; Luke m\u00f5isa tiikide puhastamine (<a href=\"http:\/\/preisor.veehool.ee\/?p=207\">vaata<\/a>)<\/span><br \/>\n<span style=\"color: #003300;\">&#8211; Pumpamist\u00f6\u00f6d P\u00f5ltsamaal, L\u00e4\u00e4nemaal, Harjumaal, Viljandimaal (<a href=\"http:\/\/preisor.veehool.ee\/?p=216\">vaata<\/a>)<\/span><br \/>\n<span style=\"color: #003300;\">&#8211; Kubija j\u00e4rve ujumiskohtade puhastamine<\/span><br \/>\n<span style=\"color: #003300;\">&#8211; P\u00e4idla j\u00e4rvede vaheliste kanalite puhastami (<a href=\"http:\/\/preisor.veehool.ee\/?p=240\">vaata<\/a>)<\/span><\/div>\n<\/td>\n<\/tr>\n<tr style=\"text-align: left;\">\n<td style=\"text-align: left;\" colspan=\"2\"><span style=\"font-size: 12pt; color: #003300;\"><strong>2007 a. Tehtud t\u00f6\u00f6d<\/strong><\/span><\/td>\n<\/tr>\n<tr style=\"text-align: left; padding-left: 90px;\">\n<td style=\"text-align: left;\">\n<p style=\"text-align: center;\"><span style=\"color: #003300;\">\u00a0<\/span><\/p>\n<\/td>\n<td style=\"text-align: left;\">\n<div><span style=\"color: #003300;\">&#8211; Paralepa kanali suudme puhastamine setetest (<a href=\"http:\/\/preisor.veehool.ee\/?p=284\">vaata<\/a>)<\/span><br \/>\n<span style=\"color: #003300;\">&#8211; Rakvere linna tiikide puhastamine veetaimedest (<a href=\"http:\/\/preisor.veehool.ee\/?p=260\">vaata<\/a>)<\/span><br \/>\n<span style=\"color: #003300;\">&#8211; Sagadi m\u00f5isatiigi puhastamine veetaimedest (<a href=\"http:\/\/preisor.veehool.ee\/?p=291\">vaata<\/a>)<\/span><br \/>\n<span style=\"color: #003300;\">&#8211; J\u00f5el\u00e4htme golfiradade tiikide puhastamine (<a href=\"http:\/\/preisor.veehool.ee\/?p=251\">vaata<\/a>)<\/span><br \/>\n<span style=\"color: #003300;\">&#8211; Luke m\u00f5isa tiikide puhastamine<\/span><br \/>\n<span style=\"color: #003300;\">&#8211; Porij\u00f5e l\u00f5igu puhastamine veetaimedest<\/span><br \/>\n<span style=\"color: #003300;\">&#8211; Roostiku niitmine Silma LKA-l<\/span><br \/>\n<span style=\"color: #003300;\">&#8211; Haljala aleviku tiikide puhastamine (<a href=\"http:\/\/preisor.veehool.ee\/?p=18\">vaata<\/a>)<\/span><br \/>\n<span style=\"color: #003300;\">&#8211; P\u00e4rnu Jahtsadama puhastamine<\/span><br \/>\n<span style=\"color: #003300;\">&#8211; Roostiku niitmine Matsalu LKA-l (<a href=\"http:\/\/preisor.veehool.ee\/?p=279\">vaata<\/a>)<\/span><br \/>\n<span style=\"color: #003300;\">&#8211; Rannapungerja j\u00f5e l\u00f5igu puhastamie voolutakistustest (<a href=\"http:\/\/preisor.veehool.ee\/?p=32\">vaata<\/a>)<\/span><br \/>\n<span style=\"color: #003300;\">&#8211; Valgej\u00f5e suudmeala puhastamine risustusest, taimestikust ning setetest (<a href=\"http:\/\/preisor.veehool.ee\/?p=274\">vaata<\/a>)<\/span><br \/>\n<span style=\"color: #003300;\">&#8211; K\u00fcti j\u00e4rve v\u00e4ljavoolu puhastamine (<a href=\"http:\/\/preisor.veehool.ee\/?p=265\">vaata<\/a>)<\/span><\/div>\n<\/td>\n<\/tr>\n<tr style=\"text-align: left;\">\n<td style=\"text-align: left;\" colspan=\"2\"><span style=\"font-size: 12pt; color: #003300;\"><strong>Varasemad t\u00f6\u00f6d<\/strong><\/span><\/td>\n<\/tr>\n<tr style=\"text-align: left;\">\n<td style=\"text-align: left;\"><span style=\"color: #003300;\">\u00a0<\/span><\/td>\n<td style=\"text-align: left;\">\n<div><span style=\"color: #003300;\">&#8211; Kernu vallas Haiba tiigi puhastamine (<a href=\"http:\/\/preisor.veehool.ee\/?p=302\">vaata<\/a>)<\/span><br \/>\n<span style=\"color: #003300;\">&#8211; T\u00f6\u00f6d Kuressaare Lossikraavis ja rannas (<a href=\"http:\/\/preisor.veehool.ee\/?p=307\">vaata<\/a>)<\/span><br \/>\n<span style=\"color: #003300;\">&#8211; Tiikide puhastamine Haljala vallas (<a href=\"http:\/\/preisor.veehool.ee\/?p=314\">vaata<\/a>)<\/span><br \/>\n<span style=\"color: #003300;\">&#8211; Kurtna paisj\u00e4rve puhastamine (<a href=\"http:\/\/preisor.veehool.ee\/?p=321\">vaata<\/a>)<\/span><br \/>\n<span style=\"color: #003300;\">&#8211; Rakvere linna tiikide puhastamine<\/span><br \/>\n<span style=\"color: #003300;\">&#8211; Palmse m\u00f5isatiigi puhastamine veetaimedest<\/span><br \/>\n<span style=\"color: #003300;\">&#8211; V\u00f5handu j\u00f5el niitmist\u00f6\u00f6d (<a href=\"http:\/\/preisor.veehool.ee\/?p=326\">vaata<\/a>)<\/span><br \/>\n<span style=\"color: #003300;\">&#8211; P\u00e4rnu j\u00f5e kalda puhastamine P\u00e4rnu linnas<\/span><\/div>\n<\/td>\n<\/tr>\n<\/tbody>\n<\/table>\n","protected":false},"excerpt":{"rendered":"<p>2025 a. Tehtud t\u00f6\u00f6de galerii 2022\/2023 a. Tehtud t\u00f6\u00f6de galerii 2020 a. Tehtud t\u00f6\u00f6de galerii 2019 a. Tehtud t\u00f6\u00f6de galerii 2017\/18 a. Tehtud t\u00f6\u00f6de galerii 2017 a. Tehtud t\u00f6\u00f6d &#8211; Keila park (vaata) &#8211;&#46;&#46;&#46;<\/p>\n","protected":false},"author":1,"featured_media":0,"parent":0,"menu_order":0,"comment_status":"closed","ping_status":"closed","template":"","meta":{"_exactmetrics_skip_tracking":false,"_exactmetrics_sitenote_active":false,"_exactmetrics_sitenote_note":"","_exactmetrics_sitenote_category":0,"footnotes":""},"class_list":["post-805","page","type-page","status-publish","hentry"],"_links":{"self":[{"href":"http:\/\/preisor.veehool.ee\/index.php?rest_route=\/wp\/v2\/pages\/805","targetHints":{"allow":["GET"]}}],"collection":[{"href":"http:\/\/preisor.veehool.ee\/index.php?rest_route=\/wp\/v2\/pages"}],"about":[{"href":"http:\/\/preisor.veehool.ee\/index.php?rest_route=\/wp\/v2\/types\/page"}],"author":[{"embeddable":true,"href":"http:\/\/preisor.veehool.ee\/index.php?rest_route=\/wp\/v2\/users\/1"}],"replies":[{"embeddable":true,"href":"http:\/\/preisor.veehool.ee\/index.php?rest_route=%2Fwp%2Fv2%2Fcomments&post=805"}],"version-history":[{"count":21,"href":"http:\/\/preisor.veehool.ee\/index.php?rest_route=\/wp\/v2\/pages\/805\/revisions"}],"predecessor-version":[{"id":1924,"href":"http:\/\/preisor.veehool.ee\/index.php?rest_route=\/wp\/v2\/pages\/805\/revisions\/1924"}],"wp:attachment":[{"href":"http:\/\/preisor.veehool.ee\/index.php?rest_route=%2Fwp%2Fv2%2Fmedia&parent=805"}],"curies":[{"name":"wp","href":"https:\/\/api.w.org\/{rel}","templated":true}]}}