{"id":520,"date":"2015-01-14T17:55:41","date_gmt":"2015-01-14T17:55:41","guid":{"rendered":"http:\/\/veehool.ee\/koduleht\/?p=520"},"modified":"2017-03-09T08:35:21","modified_gmt":"2017-03-09T06:35:21","slug":"2013-2","status":"publish","type":"page","link":"http:\/\/preisor.veehool.ee\/?page_id=520","title":{"rendered":"2013"},"content":{"rendered":"<p>&#8211; Rakvere linna tiikide puhastamine\u00a0 veetaimedest<br \/>\n&#8211; Padise m\u00f5isa tiigi puhastamine veetaimedest (<a href=\"http:\/\/preisor.veehool.ee\/?p=910\">vaata<\/a>)<br \/>\n&#8211; Anne kanali ujumiskoha puhastamine veetaimedest<br \/>\n&#8211; Haljala aleviku tiikide puhastamine veetaimedest<br \/>\n&#8211; V\u00f5ru Koreli oja ja Kubija j\u00e4rve ujumiskoha puhastamine veetaimedest (<a title=\"V\u00f5ru Koreli oja ja Kubija j\u00e4rve ujumiskoha puhastamine veetaimedest\" href=\"http:\/\/preisor.veehool.ee\/?p=949\">vaata<\/a>)<br \/>\n&#8211; Kunda linnas Kunda j\u00f5e l\u00f5igu puhastamine vettelangenud puudest ja muust veevoolu takistavast (<a href=\"http:\/\/preisor.veehool.ee\/?p=927\">vaata<\/a>)<br \/>\n&#8211; Kahepaiksete tiikide kaevamine (<a title=\"Kahepaiksete tiikide kaevamine\" href=\"http:\/\/preisor.veehool.ee\/?p=937\">vaata<\/a>)<br \/>\n&#8211; P\u00f5llk\u00fcla m\u00f5isapargi tiigi puhastamine\u00a0 setetest<br \/>\n&#8211; Vetiku j\u00e4rvede tervendamine (vettelangenud puude eemaldamine, veetaimede niitmine etten\u00e4htud kohtadest, projekti algus 2012)<br \/>\n&#8211; Veet\u00f5rje- ja\u00a0 v\u00f5saraiet\u00f6\u00f6d<\/p>\n","protected":false},"excerpt":{"rendered":"<p>&#8211; Rakvere linna tiikide puhastamine\u00a0 veetaimedest &#8211; Padise m\u00f5isa tiigi puhastamine veetaimedest (vaata) &#8211; Anne kanali ujumiskoha puhastamine veetaimedest &#8211; Haljala aleviku tiikide puhastamine veetaimedest &#8211; V\u00f5ru Koreli oja ja Kubija j\u00e4rve ujumiskoha puhastamine&#46;&#46;&#46;<\/p>\n","protected":false},"author":1,"featured_media":915,"parent":0,"menu_order":1,"comment_status":"closed","ping_status":"closed","template":"","meta":{"_exactmetrics_skip_tracking":false,"_exactmetrics_sitenote_active":false,"_exactmetrics_sitenote_note":"","_exactmetrics_sitenote_category":0,"footnotes":""},"class_list":["post-520","page","type-page","status-publish","has-post-thumbnail","hentry"],"_links":{"self":[{"href":"http:\/\/preisor.veehool.ee\/index.php?rest_route=\/wp\/v2\/pages\/520","targetHints":{"allow":["GET"]}}],"collection":[{"href":"http:\/\/preisor.veehool.ee\/index.php?rest_route=\/wp\/v2\/pages"}],"about":[{"href":"http:\/\/preisor.veehool.ee\/index.php?rest_route=\/wp\/v2\/types\/page"}],"author":[{"embeddable":true,"href":"http:\/\/preisor.veehool.ee\/index.php?rest_route=\/wp\/v2\/users\/1"}],"replies":[{"embeddable":true,"href":"http:\/\/preisor.veehool.ee\/index.php?rest_route=%2Fwp%2Fv2%2Fcomments&post=520"}],"version-history":[{"count":6,"href":"http:\/\/preisor.veehool.ee\/index.php?rest_route=\/wp\/v2\/pages\/520\/revisions"}],"predecessor-version":[{"id":1667,"href":"http:\/\/preisor.veehool.ee\/index.php?rest_route=\/wp\/v2\/pages\/520\/revisions\/1667"}],"wp:featuredmedia":[{"embeddable":true,"href":"http:\/\/preisor.veehool.ee\/index.php?rest_route=\/wp\/v2\/media\/915"}],"wp:attachment":[{"href":"http:\/\/preisor.veehool.ee\/index.php?rest_route=%2Fwp%2Fv2%2Fmedia&parent=520"}],"curies":[{"name":"wp","href":"https:\/\/api.w.org\/{rel}","templated":true}]}}