{"id":519,"date":"2015-01-14T17:47:34","date_gmt":"2015-01-14T17:47:34","guid":{"rendered":"http:\/\/veehool.ee\/koduleht\/?p=519"},"modified":"2026-03-19T21:51:36","modified_gmt":"2026-03-19T19:51:36","slug":"2014-2","status":"publish","type":"page","link":"http:\/\/preisor.veehool.ee\/?page_id=519","title":{"rendered":"2014"},"content":{"rendered":"<p>&#8211; Loodusravi keskuse tiikide puhastamine setetest (<a href=\"http:\/\/preisor.veehool.ee\/?p=522\">vaata<\/a>)<br \/>\n&#8211; Eesti Energia Kaevanduste Narva karj\u00e4\u00e4ri veek\u00f5rvalduskanali puhastamine voolutakistustest, setetest, liigsest veetaimestikust (<a href=\"http:\/\/preisor.veehool.ee\/?p=541\">vaata<\/a>)<br \/>\n&#8211; Haapsalu Tagalahe edelaosa taimestiku areaali piiramine, taimemassi eemaldamine (<a href=\"http:\/\/preisor.veehool.ee\/?p=530\">vaata<\/a>)<br \/>\n&#8211; V\u00e4ike-Maarja P\u00e4\u00e4stekooli tiigi puhastamine veetaimedest<br \/>\n&#8211; K\u00f5ltsu m\u00f5isa tiikide ja kraavide puhastamine veetaimedest (<a href=\"http:\/\/preisor.veehool.ee\/?p=546\">vaata<\/a>)<br \/>\n&#8211; Koreli oja puhastamine liigsest veetaimestikust V\u00f5ru linnas<br \/>\n&#8211; Haljala aleviku tiikide puhastamine veetaimestikust ja vetikamassist<br \/>\n&#8211; Anne kanali ujumisala puhastamine liigsest veetaimestikust<br \/>\n&#8211; Ujumiskohtade puhastamine<br \/>\n&#8211; Biotiikide puhastamine<br \/>\n&#8211; Veet\u00f5rjet\u00f6\u00f6d<\/p>\n","protected":false},"excerpt":{"rendered":"<p>&#8211; Loodusravi keskuse tiikide puhastamine setetest (vaata) &#8211; Eesti Energia Kaevanduste Narva karj\u00e4\u00e4ri veek\u00f5rvalduskanali puhastamine voolutakistustest, setetest, liigsest veetaimestikust (vaata) &#8211; Haapsalu Tagalahe edelaosa taimestiku areaali piiramine, taimemassi eemaldamine (vaata) &#8211; V\u00e4ike-Maarja P\u00e4\u00e4stekooli tiigi&#46;&#46;&#46;<\/p>\n","protected":false},"author":1,"featured_media":907,"parent":0,"menu_order":5,"comment_status":"closed","ping_status":"closed","template":"","meta":{"_exactmetrics_skip_tracking":false,"_exactmetrics_sitenote_active":false,"_exactmetrics_sitenote_note":"","_exactmetrics_sitenote_category":0,"footnotes":""},"class_list":["post-519","page","type-page","status-publish","has-post-thumbnail","hentry"],"_links":{"self":[{"href":"http:\/\/preisor.veehool.ee\/index.php?rest_route=\/wp\/v2\/pages\/519","targetHints":{"allow":["GET"]}}],"collection":[{"href":"http:\/\/preisor.veehool.ee\/index.php?rest_route=\/wp\/v2\/pages"}],"about":[{"href":"http:\/\/preisor.veehool.ee\/index.php?rest_route=\/wp\/v2\/types\/page"}],"author":[{"embeddable":true,"href":"http:\/\/preisor.veehool.ee\/index.php?rest_route=\/wp\/v2\/users\/1"}],"replies":[{"embeddable":true,"href":"http:\/\/preisor.veehool.ee\/index.php?rest_route=%2Fwp%2Fv2%2Fcomments&post=519"}],"version-history":[{"count":7,"href":"http:\/\/preisor.veehool.ee\/index.php?rest_route=\/wp\/v2\/pages\/519\/revisions"}],"predecessor-version":[{"id":1666,"href":"http:\/\/preisor.veehool.ee\/index.php?rest_route=\/wp\/v2\/pages\/519\/revisions\/1666"}],"wp:featuredmedia":[{"embeddable":true,"href":"http:\/\/preisor.veehool.ee\/index.php?rest_route=\/wp\/v2\/media\/907"}],"wp:attachment":[{"href":"http:\/\/preisor.veehool.ee\/index.php?rest_route=%2Fwp%2Fv2%2Fmedia&parent=519"}],"curies":[{"name":"wp","href":"https:\/\/api.w.org\/{rel}","templated":true}]}}