{"id":475,"date":"2012-12-18T20:00:05","date_gmt":"2012-12-18T20:00:05","guid":{"rendered":"http:\/\/veehool.ee\/koduleht\/?p=475"},"modified":"2017-03-09T08:36:47","modified_gmt":"2017-03-09T06:36:47","slug":"2012-2","status":"publish","type":"page","link":"http:\/\/preisor.veehool.ee\/?page_id=475","title":{"rendered":"2012"},"content":{"rendered":"<p>&#8211; Rakvere Rahvapargi tiikide puhastamine (<a href=\"http:\/\/preisor.veehool.ee\/?p=508\">vaata<\/a>)<br \/>\n&#8211; AS Tallinna Vesi settetiikide puhastamine (<a href=\"http:\/\/preisor.veehool.ee\/?p=481\">vaata<\/a>)<br \/>\n&#8211; Kuusalu\u00a0 kiriku tiigi puhastamine setetest<br \/>\n&#8211; Keila j\u00f5e vasaku haru puhastamine ja veevoolu taastamine, pargi\u00a0 korrastus- ja uuendust\u00f6\u00f6d (alustatud 2011) (<a href=\"http:\/\/preisor.veehool.ee\/?p=498\">vaata<\/a>)<br \/>\n&#8211; Anne kanali ujumiskoha puhastamine veetaimedest<br \/>\n&#8211; Heimtali\u00a0 viinak\u00f6\u00f6gi tiigi puhastamine\u00a0 setetest ja maakividest kaldakindlustuse rajamine (<a href=\"http:\/\/preisor.veehool.ee\/?p=489\">vaata<\/a>)<br \/>\n&#8211; N\u00f5o Veskij\u00e4rve ja Luke m\u00f5isa tiikide puhastamine veetaimedest (<a href=\"http:\/\/preisor.veehool.ee\/?p=500\">vaata<\/a>)<br \/>\n&#8211; V\u00f5ru Koreli oja ja Kubija j\u00e4rve ujumiskoha puhastamine veetaimedest (<a href=\"http:\/\/preisor.veehool.ee\/?p=518\">vaata<\/a>)<br \/>\n&#8211; Haiba tiigi puhastamine veetaimedest<br \/>\n&#8211; Haljala aleviku tiikide puhastamine liigsest veetaimestikust<br \/>\n&#8211; Vetiku Suur- ja V\u00e4ikej\u00e4rvest veetaimede niitmine, kogumine. (<a href=\"http:\/\/preisor.veehool.ee\/?p=516\">vaata<\/a>)<br \/>\n&#8211; Vettelangenud\u00a0 ja koprakahjustustega puude eemaldamine<\/p>\n","protected":false},"excerpt":{"rendered":"<p>&#8211; Rakvere Rahvapargi tiikide puhastamine (vaata) &#8211; AS Tallinna Vesi settetiikide puhastamine (vaata) &#8211; Kuusalu\u00a0 kiriku tiigi puhastamine setetest &#8211; Keila j\u00f5e vasaku haru puhastamine ja veevoolu taastamine, pargi\u00a0 korrastus- ja uuendust\u00f6\u00f6d (alustatud 2011)&#46;&#46;&#46;<\/p>\n","protected":false},"author":1,"featured_media":466,"parent":0,"menu_order":8,"comment_status":"closed","ping_status":"closed","template":"","meta":{"_exactmetrics_skip_tracking":false,"_exactmetrics_sitenote_active":false,"_exactmetrics_sitenote_note":"","_exactmetrics_sitenote_category":0,"footnotes":""},"class_list":["post-475","page","type-page","status-publish","has-post-thumbnail","hentry"],"_links":{"self":[{"href":"http:\/\/preisor.veehool.ee\/index.php?rest_route=\/wp\/v2\/pages\/475","targetHints":{"allow":["GET"]}}],"collection":[{"href":"http:\/\/preisor.veehool.ee\/index.php?rest_route=\/wp\/v2\/pages"}],"about":[{"href":"http:\/\/preisor.veehool.ee\/index.php?rest_route=\/wp\/v2\/types\/page"}],"author":[{"embeddable":true,"href":"http:\/\/preisor.veehool.ee\/index.php?rest_route=\/wp\/v2\/users\/1"}],"replies":[{"embeddable":true,"href":"http:\/\/preisor.veehool.ee\/index.php?rest_route=%2Fwp%2Fv2%2Fcomments&post=475"}],"version-history":[{"count":10,"href":"http:\/\/preisor.veehool.ee\/index.php?rest_route=\/wp\/v2\/pages\/475\/revisions"}],"predecessor-version":[{"id":1668,"href":"http:\/\/preisor.veehool.ee\/index.php?rest_route=\/wp\/v2\/pages\/475\/revisions\/1668"}],"wp:featuredmedia":[{"embeddable":true,"href":"http:\/\/preisor.veehool.ee\/index.php?rest_route=\/wp\/v2\/media\/466"}],"wp:attachment":[{"href":"http:\/\/preisor.veehool.ee\/index.php?rest_route=%2Fwp%2Fv2%2Fmedia&parent=475"}],"curies":[{"name":"wp","href":"https:\/\/api.w.org\/{rel}","templated":true}]}}