{"id":21,"date":"2009-11-19T19:28:07","date_gmt":"2009-11-19T19:28:07","guid":{"rendered":"http:\/\/veehool.ee\/koduleht\/?p=21"},"modified":"2017-03-09T08:42:11","modified_gmt":"2017-03-09T06:42:11","slug":"2009-2","status":"publish","type":"page","link":"http:\/\/preisor.veehool.ee\/?page_id=21","title":{"rendered":"2009"},"content":{"rendered":"<div style=\"text-align: left;\">&#8211; V\u00f5sapurustust\u00f6\u00f6d L\u00e4\u00e4ne-Virumaal (<a href=\"http:\/\/preisor.veehool.ee\/?p=132\">vaata<\/a>)<br \/>\n&#8211; Anne kanali puhastamine veetaimedest (<a href=\"http:\/\/preisor.veehool.ee\/?p=45\">vaata<\/a>)<br \/>\n&#8211; Alatskivi paisj\u00e4rvest veetaimede niitmine ning<\/div>\n<div style=\"text-align: left;\">\u00a0\u00a0 kalda\u00e4\u00e4rte korrastamine (<a href=\"http:\/\/preisor.veehool.ee\/?p=42\">vaata<\/a>)<br \/>\n&#8211; Haljala aleviku tiikide liigsest veetaimestikust puhastamine (<a href=\"http:\/\/preisor.veehool.ee\/?p=67\">vaata<\/a>)<br \/>\n&#8211; Rakvere linna tiikide liigsest veetaimestikust puhastamine (<a href=\"http:\/\/preisor.veehool.ee\/?p=78\">vaata<\/a>)<br \/>\n&#8211; Kubija j\u00e4rve ujula ning Koreli oja puhastamine liigsest veetaimestikust (<a href=\"http:\/\/preisor.veehool.ee\/?p=123\">vaata<\/a>)<br \/>\n&#8211; Biotiikide puhastamine (<a href=\"http:\/\/preisor.veehool.ee\/?p=52\">vaata<\/a>)<br \/>\n&#8211; Teorehe rannikul\u00f5uka veetaimestikust puhastamine (<a href=\"http:\/\/preisor.veehool.ee\/?p=108\">vaata<\/a>)<br \/>\n&#8211; Taebla j\u00f5e alamjooksul kopratammide ning muude<\/div>\n<div style=\"text-align: left;\">\u00a0\u00a0 voolutakistuste\u00a0 eemaldamine (<a href=\"http:\/\/preisor.veehool.ee\/?p=95\">vaata<\/a>)<\/div>\n<div style=\"text-align: left;\">&#8211; Pumpamist\u00f6\u00f6d R\u00f5uge \u00d6\u00f6bikuorus (<a href=\"http:\/\/preisor.veehool.ee\/?p=143\">vaata<\/a>)<\/div>\n","protected":false},"excerpt":{"rendered":"<p>&#8211; V\u00f5sapurustust\u00f6\u00f6d L\u00e4\u00e4ne-Virumaal (vaata) &#8211; Anne kanali puhastamine veetaimedest (vaata) &#8211; Alatskivi paisj\u00e4rvest veetaimede niitmine ning \u00a0\u00a0 kalda\u00e4\u00e4rte korrastamine (vaata) &#8211; Haljala aleviku tiikide liigsest veetaimestikust puhastamine (vaata) &#8211; Rakvere linna tiikide liigsest veetaimestikust&#46;&#46;&#46;<\/p>\n","protected":false},"author":1,"featured_media":1253,"parent":0,"menu_order":11,"comment_status":"closed","ping_status":"closed","template":"","meta":{"_exactmetrics_skip_tracking":false,"_exactmetrics_sitenote_active":false,"_exactmetrics_sitenote_note":"","_exactmetrics_sitenote_category":0,"footnotes":""},"class_list":["post-21","page","type-page","status-publish","has-post-thumbnail","hentry"],"_links":{"self":[{"href":"http:\/\/preisor.veehool.ee\/index.php?rest_route=\/wp\/v2\/pages\/21","targetHints":{"allow":["GET"]}}],"collection":[{"href":"http:\/\/preisor.veehool.ee\/index.php?rest_route=\/wp\/v2\/pages"}],"about":[{"href":"http:\/\/preisor.veehool.ee\/index.php?rest_route=\/wp\/v2\/types\/page"}],"author":[{"embeddable":true,"href":"http:\/\/preisor.veehool.ee\/index.php?rest_route=\/wp\/v2\/users\/1"}],"replies":[{"embeddable":true,"href":"http:\/\/preisor.veehool.ee\/index.php?rest_route=%2Fwp%2Fv2%2Fcomments&post=21"}],"version-history":[{"count":16,"href":"http:\/\/preisor.veehool.ee\/index.php?rest_route=\/wp\/v2\/pages\/21\/revisions"}],"predecessor-version":[{"id":1674,"href":"http:\/\/preisor.veehool.ee\/index.php?rest_route=\/wp\/v2\/pages\/21\/revisions\/1674"}],"wp:featuredmedia":[{"embeddable":true,"href":"http:\/\/preisor.veehool.ee\/index.php?rest_route=\/wp\/v2\/media\/1253"}],"wp:attachment":[{"href":"http:\/\/preisor.veehool.ee\/index.php?rest_route=%2Fwp%2Fv2%2Fmedia&parent=21"}],"curies":[{"name":"wp","href":"https:\/\/api.w.org\/{rel}","templated":true}]}}