{"id":19,"date":"2009-11-19T19:23:33","date_gmt":"2009-11-19T19:23:33","guid":{"rendered":"http:\/\/veehool.ee\/koduleht\/?p=19"},"modified":"2017-03-09T08:54:43","modified_gmt":"2017-03-09T06:54:43","slug":"2007-2","status":"publish","type":"page","link":"http:\/\/preisor.veehool.ee\/?page_id=19","title":{"rendered":"2007"},"content":{"rendered":"<p>&#8211; Paralepa kanali suudme puhastamine setetest (<a href=\"http:\/\/preisor.veehool.ee\/?p=284\">vaata<\/a>)<br \/>\n&#8211; Rakvere linna tiikide puhastamine veetaimedest (<a href=\"http:\/\/preisor.veehool.ee\/?p=260\">vaata<\/a>)<br \/>\n&#8211; Sagadi m\u00f5isatiigi puhastamine veetaimedest (<a href=\"http:\/\/preisor.veehool.ee\/?p=291\">vaata<\/a>)<br \/>\n&#8211; J\u00f5el\u00e4htme golfiradade tiikide puhastamine (<a href=\"http:\/\/preisor.veehool.ee\/?p=251\">vaata<\/a>)<br \/>\n&#8211; Luke m\u00f5isa tiikide puhastamine<br \/>\n&#8211; Porij\u00f5e l\u00f5igu puhastamine veetaimedest<br \/>\n&#8211; Roostiku niitmine Silma LKA-l<br \/>\n&#8211; Haljala aleviku tiikide puhastamine (<a href=\"http:\/\/preisor.veehool.ee\/?p=18\">vaata<\/a>)<br \/>\n&#8211; P\u00e4rnu Jahtsadama puhastamine<br \/>\n&#8211; Roostiku niitmine Matsalu LKA-l (<a href=\"http:\/\/preisor.veehool.ee\/?p=279\">vaata<\/a>)<br \/>\n&#8211; Rannapungerja j\u00f5e l\u00f5igu puhastamie voolutakistustest (<a href=\"http:\/\/preisor.veehool.ee\/?p=32\">vaata<\/a>)<br \/>\n&#8211; Valgej\u00f5e suudmeala puhastamine risustusest, taimestikust ning setetest (<a href=\"http:\/\/preisor.veehool.ee\/?p=274\">vaata<\/a>)<br \/>\n&#8211; K\u00fcti j\u00e4rve v\u00e4ljavoolu puhastamine (<a href=\"http:\/\/preisor.veehool.ee\/?p=265\">vaata<\/a>)<\/p>\n","protected":false},"excerpt":{"rendered":"<p>&#8211; Paralepa kanali suudme puhastamine setetest (vaata) &#8211; Rakvere linna tiikide puhastamine veetaimedest (vaata) &#8211; Sagadi m\u00f5isatiigi puhastamine veetaimedest (vaata) &#8211; J\u00f5el\u00e4htme golfiradade tiikide puhastamine (vaata) &#8211; Luke m\u00f5isa tiikide puhastamine &#8211; Porij\u00f5e l\u00f5igu&#46;&#46;&#46;<\/p>\n","protected":false},"author":1,"featured_media":1373,"parent":0,"menu_order":10,"comment_status":"closed","ping_status":"closed","template":"","meta":{"_exactmetrics_skip_tracking":false,"_exactmetrics_sitenote_active":false,"_exactmetrics_sitenote_note":"","_exactmetrics_sitenote_category":0,"footnotes":""},"class_list":["post-19","page","type-page","status-publish","has-post-thumbnail","hentry"],"_links":{"self":[{"href":"http:\/\/preisor.veehool.ee\/index.php?rest_route=\/wp\/v2\/pages\/19","targetHints":{"allow":["GET"]}}],"collection":[{"href":"http:\/\/preisor.veehool.ee\/index.php?rest_route=\/wp\/v2\/pages"}],"about":[{"href":"http:\/\/preisor.veehool.ee\/index.php?rest_route=\/wp\/v2\/types\/page"}],"author":[{"embeddable":true,"href":"http:\/\/preisor.veehool.ee\/index.php?rest_route=\/wp\/v2\/users\/1"}],"replies":[{"embeddable":true,"href":"http:\/\/preisor.veehool.ee\/index.php?rest_route=%2Fwp%2Fv2%2Fcomments&post=19"}],"version-history":[{"count":13,"href":"http:\/\/preisor.veehool.ee\/index.php?rest_route=\/wp\/v2\/pages\/19\/revisions"}],"predecessor-version":[{"id":1678,"href":"http:\/\/preisor.veehool.ee\/index.php?rest_route=\/wp\/v2\/pages\/19\/revisions\/1678"}],"wp:featuredmedia":[{"embeddable":true,"href":"http:\/\/preisor.veehool.ee\/index.php?rest_route=\/wp\/v2\/media\/1373"}],"wp:attachment":[{"href":"http:\/\/preisor.veehool.ee\/index.php?rest_route=%2Fwp%2Fv2%2Fmedia&parent=19"}],"curies":[{"name":"wp","href":"https:\/\/api.w.org\/{rel}","templated":true}]}}