{"id":1681,"date":"2017-12-30T19:19:44","date_gmt":"2017-12-30T17:19:44","guid":{"rendered":"http:\/\/preisor.veehool.ee\/?page_id=1681"},"modified":"2019-07-01T20:54:20","modified_gmt":"2019-07-01T18:54:20","slug":"2017-2","status":"publish","type":"page","link":"http:\/\/preisor.veehool.ee\/?page_id=1681","title":{"rendered":"2017"},"content":{"rendered":"<p>Keila park (<a href=\"http:\/\/preisor.veehool.ee\/?p=1684\">vaata<\/a>)<\/p>\n<p>Niitmist\u00f6\u00f6d (<a href=\"http:\/\/preisor.veehool.ee\/?p=1696\">vaata<\/a>)<\/p>\n<p>Rakvere tiikide puhastamine (<a href=\"http:\/\/preisor.veehool.ee\/?p=1703\">vaata<\/a>)<\/p>\n<p>Roela paisj\u00e4rve puhastamine (<a href=\"http:\/\/preisor.veehool.ee\/?p=1744\">vaata<\/a>)<\/p>\n<p>Tiigi puhastamine Raplas (<a href=\"http:\/\/preisor.veehool.ee\/?p=1760\">vaata<\/a>)<\/p>\n","protected":false},"excerpt":{"rendered":"<p>Keila park (vaata) Niitmist\u00f6\u00f6d (vaata) Rakvere tiikide puhastamine (vaata) Roela paisj\u00e4rve puhastamine (vaata) Tiigi puhastamine Raplas (vaata)<\/p>\n","protected":false},"author":1,"featured_media":1734,"parent":0,"menu_order":0,"comment_status":"closed","ping_status":"closed","template":"","meta":{"_exactmetrics_skip_tracking":false,"_exactmetrics_sitenote_active":false,"_exactmetrics_sitenote_note":"","_exactmetrics_sitenote_category":0,"footnotes":""},"class_list":["post-1681","page","type-page","status-publish","has-post-thumbnail","hentry"],"_links":{"self":[{"href":"http:\/\/preisor.veehool.ee\/index.php?rest_route=\/wp\/v2\/pages\/1681","targetHints":{"allow":["GET"]}}],"collection":[{"href":"http:\/\/preisor.veehool.ee\/index.php?rest_route=\/wp\/v2\/pages"}],"about":[{"href":"http:\/\/preisor.veehool.ee\/index.php?rest_route=\/wp\/v2\/types\/page"}],"author":[{"embeddable":true,"href":"http:\/\/preisor.veehool.ee\/index.php?rest_route=\/wp\/v2\/users\/1"}],"replies":[{"embeddable":true,"href":"http:\/\/preisor.veehool.ee\/index.php?rest_route=%2Fwp%2Fv2%2Fcomments&post=1681"}],"version-history":[{"count":6,"href":"http:\/\/preisor.veehool.ee\/index.php?rest_route=\/wp\/v2\/pages\/1681\/revisions"}],"predecessor-version":[{"id":1774,"href":"http:\/\/preisor.veehool.ee\/index.php?rest_route=\/wp\/v2\/pages\/1681\/revisions\/1774"}],"wp:featuredmedia":[{"embeddable":true,"href":"http:\/\/preisor.veehool.ee\/index.php?rest_route=\/wp\/v2\/media\/1734"}],"wp:attachment":[{"href":"http:\/\/preisor.veehool.ee\/index.php?rest_route=%2Fwp%2Fv2%2Fmedia&parent=1681"}],"curies":[{"name":"wp","href":"https:\/\/api.w.org\/{rel}","templated":true}]}}