{"id":1544,"date":"2017-02-28T08:37:41","date_gmt":"2017-02-28T06:37:41","guid":{"rendered":"http:\/\/preisor.veehool.ee\/?page_id=1544"},"modified":"2017-03-09T09:06:19","modified_gmt":"2017-03-09T07:06:19","slug":"2016-2","status":"publish","type":"page","link":"http:\/\/preisor.veehool.ee\/?page_id=1544","title":{"rendered":"2016"},"content":{"rendered":"<p>Tiikidest \u00a0ja paisj\u00e4rvedest veetaimede niitmine ja setete eemaldamine (<a href=\"http:\/\/preisor.veehool.ee\/?p=1548\">vaata<\/a>)<\/p>\n<p>Keila pargi vees\u00fcsteemi korrastamine, istutust\u00f6\u00f6d, Silla ehitus (AS Vensen) (<a href=\"http:\/\/preisor.veehool.ee\/?p=1559\">vaata<\/a>)<\/p>\n<p>Ujumiskohtade puhastamine (<a href=\"http:\/\/preisor.veehool.ee\/?p=1575\">vaata<\/a>)<\/p>\n<p>Voolutakistuste eemaldamine j\u00f5gedest (<a href=\"http:\/\/preisor.veehool.ee\/?p=1579\">vaata<\/a>)<\/p>\n<p>Settetiikide puhastamine (<a href=\"http:\/\/preisor.veehool.ee\/?p=1599\">vaata<\/a>)<\/p>\n<p>Haljastus- ja niitmist\u00f6\u00f6d (<a href=\"http:\/\/preisor.veehool.ee\/?p=1607\">vaata<\/a>)<\/p>\n","protected":false},"excerpt":{"rendered":"<p>Tiikidest \u00a0ja paisj\u00e4rvedest veetaimede niitmine ja setete eemaldamine (vaata) Keila pargi vees\u00fcsteemi korrastamine, istutust\u00f6\u00f6d, Silla ehitus (AS Vensen) (vaata) Ujumiskohtade puhastamine (vaata) Voolutakistuste eemaldamine j\u00f5gedest (vaata) Settetiikide puhastamine (vaata) Haljastus- ja niitmist\u00f6\u00f6d (vaata)<\/p>\n","protected":false},"author":1,"featured_media":1555,"parent":0,"menu_order":0,"comment_status":"closed","ping_status":"closed","template":"","meta":{"_exactmetrics_skip_tracking":false,"_exactmetrics_sitenote_active":false,"_exactmetrics_sitenote_note":"","_exactmetrics_sitenote_category":0,"footnotes":""},"class_list":["post-1544","page","type-page","status-publish","has-post-thumbnail","hentry"],"_links":{"self":[{"href":"http:\/\/preisor.veehool.ee\/index.php?rest_route=\/wp\/v2\/pages\/1544","targetHints":{"allow":["GET"]}}],"collection":[{"href":"http:\/\/preisor.veehool.ee\/index.php?rest_route=\/wp\/v2\/pages"}],"about":[{"href":"http:\/\/preisor.veehool.ee\/index.php?rest_route=\/wp\/v2\/types\/page"}],"author":[{"embeddable":true,"href":"http:\/\/preisor.veehool.ee\/index.php?rest_route=\/wp\/v2\/users\/1"}],"replies":[{"embeddable":true,"href":"http:\/\/preisor.veehool.ee\/index.php?rest_route=%2Fwp%2Fv2%2Fcomments&post=1544"}],"version-history":[{"count":9,"href":"http:\/\/preisor.veehool.ee\/index.php?rest_route=\/wp\/v2\/pages\/1544\/revisions"}],"predecessor-version":[{"id":1612,"href":"http:\/\/preisor.veehool.ee\/index.php?rest_route=\/wp\/v2\/pages\/1544\/revisions\/1612"}],"wp:featuredmedia":[{"embeddable":true,"href":"http:\/\/preisor.veehool.ee\/index.php?rest_route=\/wp\/v2\/media\/1555"}],"wp:attachment":[{"href":"http:\/\/preisor.veehool.ee\/index.php?rest_route=%2Fwp%2Fv2%2Fmedia&parent=1544"}],"curies":[{"name":"wp","href":"https:\/\/api.w.org\/{rel}","templated":true}]}}