{"id":1446,"date":"2016-01-19T22:01:45","date_gmt":"2016-01-19T20:01:45","guid":{"rendered":"http:\/\/veehool.ee\/koduleht\/?page_id=1446"},"modified":"2017-03-09T09:07:36","modified_gmt":"2017-03-09T07:07:36","slug":"2015-2","status":"publish","type":"page","link":"http:\/\/preisor.veehool.ee\/?page_id=1446","title":{"rendered":"2015"},"content":{"rendered":"<p>Kahepaiksete tiikide kaevamine ja talvitusala puhastamine, talvituskohtade loomine (<a href=\"http:\/\/preisor.veehool.ee\/?p=1449\">vaata<\/a>)<br \/>\nPargi-roheala rajamine, puude-p\u00f5\u00f5saste istutamine, piirete rajamine (<a href=\"http:\/\/preisor.veehool.ee\/?p=1464\">vaata<\/a>)<br \/>\n\u00d5hne j\u00f5e l\u00f5igu puhastamine voolutakistustest (<a href=\"http:\/\/preisor.veehool.ee\/?p=1500\">vaata<\/a>)<br \/>\nUjumiskohtade puhastamine liigsest veetaimestikust ja risustusest (<a href=\"http:\/\/preisor.veehool.ee\/?p=1491\">vaata<\/a>)<br \/>\nTiikide puhastamine setetest (<a href=\"http:\/\/preisor.veehool.ee\/?p=1485\">vaata<\/a>)<br \/>\nBiotiikide puhastamine taimedest ja setetest<br \/>\nRannaalade\u00a0 ja\u00a0 v\u00e4ikesadamate puhastamine pilliroost (<a href=\"http:\/\/preisor.veehool.ee\/?p=1480\">vaata<\/a>)<br \/>\nParkide korrastamine, v\u00f5sa eemaldamine (<a href=\"http:\/\/preisor.veehool.ee\/?p=1475\">vaata<\/a>)<br \/>\nLuke m\u00f5isapargi tiikide puhastamine veetaimedest<br \/>\nPaide tehisj\u00e4rve puhastamine veetaimedest<br \/>\nLumet\u00f5rjet\u00f6\u00f6d (<a href=\"http:\/\/preisor.veehool.ee\/?p=1524\">vaata<\/a>)<\/p>\n","protected":false},"excerpt":{"rendered":"<p>Kahepaiksete tiikide kaevamine ja talvitusala puhastamine, talvituskohtade loomine (vaata) Pargi-roheala rajamine, puude-p\u00f5\u00f5saste istutamine, piirete rajamine (vaata) \u00d5hne j\u00f5e l\u00f5igu puhastamine voolutakistustest (vaata) Ujumiskohtade puhastamine liigsest veetaimestikust ja risustusest (vaata) Tiikide puhastamine setetest (vaata) Biotiikide&#46;&#46;&#46;<\/p>\n","protected":false},"author":1,"featured_media":1505,"parent":0,"menu_order":0,"comment_status":"closed","ping_status":"closed","template":"","meta":{"_exactmetrics_skip_tracking":false,"_exactmetrics_sitenote_active":false,"_exactmetrics_sitenote_note":"","_exactmetrics_sitenote_category":0,"footnotes":""},"class_list":["post-1446","page","type-page","status-publish","has-post-thumbnail","hentry"],"_links":{"self":[{"href":"http:\/\/preisor.veehool.ee\/index.php?rest_route=\/wp\/v2\/pages\/1446","targetHints":{"allow":["GET"]}}],"collection":[{"href":"http:\/\/preisor.veehool.ee\/index.php?rest_route=\/wp\/v2\/pages"}],"about":[{"href":"http:\/\/preisor.veehool.ee\/index.php?rest_route=\/wp\/v2\/types\/page"}],"author":[{"embeddable":true,"href":"http:\/\/preisor.veehool.ee\/index.php?rest_route=\/wp\/v2\/users\/1"}],"replies":[{"embeddable":true,"href":"http:\/\/preisor.veehool.ee\/index.php?rest_route=%2Fwp%2Fv2%2Fcomments&post=1446"}],"version-history":[{"count":18,"href":"http:\/\/preisor.veehool.ee\/index.php?rest_route=\/wp\/v2\/pages\/1446\/revisions"}],"predecessor-version":[{"id":1665,"href":"http:\/\/preisor.veehool.ee\/index.php?rest_route=\/wp\/v2\/pages\/1446\/revisions\/1665"}],"wp:featuredmedia":[{"embeddable":true,"href":"http:\/\/preisor.veehool.ee\/index.php?rest_route=\/wp\/v2\/media\/1505"}],"wp:attachment":[{"href":"http:\/\/preisor.veehool.ee\/index.php?rest_route=%2Fwp%2Fv2%2Fmedia&parent=1446"}],"curies":[{"name":"wp","href":"https:\/\/api.w.org\/{rel}","templated":true}]}}